{"id":11,"date":"2022-03-09T16:08:01","date_gmt":"2022-03-09T16:08:01","guid":{"rendered":"https:\/\/iaeducacion.proyectoheliox.org\/?page_id=11"},"modified":"2023-09-27T15:50:30","modified_gmt":"2023-09-27T15:50:30","slug":"inteligencia-artificial-aplicada-a-la-educacion","status":"publish","type":"page","link":"https:\/\/iaeducacion.proyectoheliox.org\/","title":{"rendered":"Usos educativos de la inteligencia artificial"},"content":{"rendered":"\n<div class=\"wp-container-6a07911c0e90b wp-block-group has-black-color has-white-background-color has-text-color has-background\"><div class=\"wp-block-group__inner-container\">\n<h3><\/h3>\n<h3 style=\"padding-left: 40px;\"><span style=\"color: #000000;\">Bienvenidos a la p\u00e1gina del curso UNED de Formaci\u00f3n Permanente<\/span><\/h3>\n<h3 style=\"padding-left: 40px;\"><span style=\"color: #000000;\">Usos Educativos de la Inteligencia Artificial<\/span><\/h3>\n<p style=\"padding-left: 40px;\"><span style=\"color: #000000;\">Nuestro curso te ofrece una aproximaci\u00f3n a la Inteligencia Artificial y sus aplicaciones en el entorno educativo, que te ayudar\u00e1 a empezar a desarrollar tus propios proyectos. En \u00e9l encontrar\u00e1s los siguientes bloques:<\/span><\/p>\n<h5 style=\"padding-left: 40px;\"><span style=\"color: #000000;\">1. Es muy f\u00e1cil!!!: crea tu propia inteligencia artificial y descubre c\u00f3mo personalizarla<\/span><\/h5>\n<p style=\"padding-left: 40px;\">\u00a0<a href=\"https:\/\/iaeducacion.proyectoheliox.org\/index.php\/2023\/01\/02\/introduccion-a-chatbot-educativo-con-snatchbot\/\" target=\"_blank\" rel=\"noopener\"><img loading=\"lazy\" src=\"https:\/\/iaeducacion.proyectoheliox.org\/wp-content\/uploads\/2022\/12\/Chatbot--300x175.jpg\" alt=\"Usos Educativos de la IA\" class=\"alignnone wp-image-264 size-medium\" width=\"300\" height=\"175\" srcset=\"https:\/\/iaeducacion.proyectoheliox.org\/wp-content\/uploads\/2022\/12\/Chatbot--300x175.jpg 300w, https:\/\/iaeducacion.proyectoheliox.org\/wp-content\/uploads\/2022\/12\/Chatbot-.jpg 500w\" sizes=\"(max-width: 300px) 100vw, 300px\" \/><\/a> \u00a0\u00a0\u00a0 \u00a0 \u00a0\u00a0 <span style=\"color: #000000;\"><\/span><a href=\"https:\/\/iaeducacion.proyectoheliox.org\/index.php\/2023\/01\/06\/creamos-una-inteligencia-artificial-con-scratch-y-machinelearningforkids\/\" rel=\"noopener\" target=\"_blank\"><img loading=\"lazy\" src=\"https:\/\/iaeducacion.proyectoheliox.org\/wp-content\/uploads\/2022\/12\/Scratch-300x175.jpg\" alt=\"Usos Educativos de la IA\" class=\"alignnone wp-image-263 size-medium\" width=\"300\" height=\"175\" srcset=\"https:\/\/iaeducacion.proyectoheliox.org\/wp-content\/uploads\/2022\/12\/Scratch-300x175.jpg 300w, https:\/\/iaeducacion.proyectoheliox.org\/wp-content\/uploads\/2022\/12\/Scratch.jpg 500w\" sizes=\"(max-width: 300px) 100vw, 300px\" \/><\/a><\/p>\n<p><\/p>\n<p style=\"padding-left: 40px;\"><span>-Crea un chatbot con <em>Snatchbot<\/em><\/span><\/p>\n<p style=\"padding-left: 40px;\"><span>-Realiza un proyecto con <em>Scratch<\/em> y <em>Machine Learning for Kids<\/em><\/span><\/p>\n<p><\/p>\n<h5 style=\"padding-left: 40px;\"><span style=\"color: #000000;\">2. Aprox\u00edmate a los diferentes aspectos de la inteligencia artificial<\/span><\/h5>\n<p style=\"padding-left: 40px;\"><img loading=\"lazy\" src=\"https:\/\/iaeducacion.proyectoheliox.org\/wp-content\/uploads\/2022\/03\/AItimelineBueno-300x168.jpeg\" alt=\"\" class=\"alignnone wp-image-14 size-medium\" width=\"300\" height=\"168\" srcset=\"https:\/\/iaeducacion.proyectoheliox.org\/wp-content\/uploads\/2022\/03\/AItimelineBueno-300x168.jpeg 300w, https:\/\/iaeducacion.proyectoheliox.org\/wp-content\/uploads\/2022\/03\/AItimelineBueno.jpeg 474w\" sizes=\"(max-width: 300px) 100vw, 300px\" \/> \u00a0\u00a0\u00a0\u00a0\u00a0\u00a0\u00a0\u00a0\u00a0\u00a0\u00a0\u00a0\u00a0 <img loading=\"lazy\" src=\"https:\/\/iaeducacion.proyectoheliox.org\/wp-content\/uploads\/2022\/03\/ai-tree-1-300x183.webp\" alt=\"Usos Educativos de la Inteligencia Artificial\" class=\"alignnone wp-image-19\" width=\"275\" height=\"168\" srcset=\"https:\/\/iaeducacion.proyectoheliox.org\/wp-content\/uploads\/2022\/03\/ai-tree-1-300x183.webp 300w, https:\/\/iaeducacion.proyectoheliox.org\/wp-content\/uploads\/2022\/03\/ai-tree-1.webp 626w\" sizes=\"(max-width: 275px) 100vw, 275px\" \/><\/p>\n<p style=\"padding-left: 40px;\"><\/p>\n<p style=\"padding-left: 40px;\"><span style=\"color: #000000;\">-Conceptos generales<\/span><\/p>\n<p style=\"padding-left: 40px;\"><span style=\"color: #000000;\">-T\u00e9cnicas b\u00e1sicas de Inteligencia Artificial (para principiantes)<\/span><\/p>\n<p style=\"padding-left: 40px;\"><span style=\"color: #000000;\">-Aplicaciones educativas y su influencia en la sociedad<\/span><\/p>\n<p style=\"padding-left: 40px;\"><\/p>\n<h5 style=\"padding-left: 40px;\"><span style=\"color: #000000;\">3. Aprende a elaborar un proyecto de inteligencia artificial con usos educativos<\/span><\/h5>\n<p style=\"padding-left: 40px;\"><img loading=\"lazy\" src=\"https:\/\/iaeducacion.proyectoheliox.org\/wp-content\/uploads\/2022\/03\/iaSCRATCH-300x169.jpg\" alt=\"\" class=\"alignnone wp-image-13 size-medium\" width=\"300\" height=\"168\" srcset=\"https:\/\/iaeducacion.proyectoheliox.org\/wp-content\/uploads\/2022\/03\/iaSCRATCH-300x169.jpg 300w, https:\/\/iaeducacion.proyectoheliox.org\/wp-content\/uploads\/2022\/03\/iaSCRATCH-1024x576.jpg 1024w, https:\/\/iaeducacion.proyectoheliox.org\/wp-content\/uploads\/2022\/03\/iaSCRATCH-768x432.jpg 768w, https:\/\/iaeducacion.proyectoheliox.org\/wp-content\/uploads\/2022\/03\/iaSCRATCH.jpg 1366w\" sizes=\"(max-width: 300px) 100vw, 300px\" \/> \u00a0\u00a0\u00a0\u00a0\u00a0\u00a0\u00a0 <img loading=\"lazy\" src=\"https:\/\/iaeducacion.proyectoheliox.org\/wp-content\/uploads\/2022\/12\/Captura-de-pantalla-2022-12-28-a-las-14.12.43-300x169.png\" alt=\"Usos Educativos de la IA\" class=\"alignnone wp-image-251 size-medium\" width=\"300\" height=\"169\" srcset=\"https:\/\/iaeducacion.proyectoheliox.org\/wp-content\/uploads\/2022\/12\/Captura-de-pantalla-2022-12-28-a-las-14.12.43-300x169.png 300w, https:\/\/iaeducacion.proyectoheliox.org\/wp-content\/uploads\/2022\/12\/Captura-de-pantalla-2022-12-28-a-las-14.12.43-1024x576.png 1024w, https:\/\/iaeducacion.proyectoheliox.org\/wp-content\/uploads\/2022\/12\/Captura-de-pantalla-2022-12-28-a-las-14.12.43-768x432.png 768w, https:\/\/iaeducacion.proyectoheliox.org\/wp-content\/uploads\/2022\/12\/Captura-de-pantalla-2022-12-28-a-las-14.12.43-1536x864.png 1536w, https:\/\/iaeducacion.proyectoheliox.org\/wp-content\/uploads\/2022\/12\/Captura-de-pantalla-2022-12-28-a-las-14.12.43.png 1796w\" sizes=\"(max-width: 300px) 100vw, 300px\" \/><\/p>\n<p style=\"padding-left: 40px;\"><span style=\"color: #000000;\">-C\u00f3mo dise\u00f1ar sistemas para la personalizaci\u00f3n de los aprendizajes<\/span><\/p>\n<p style=\"padding-left: 40px;\"><span style=\"color: #000000;\">-Nuevos escenarios y posibilidades para el e-learning<\/span><\/p>\n<h5 style=\"padding-left: 40px;\"><\/h5>\n<h4 style=\"padding-left: 40px;\"><span style=\"color: #000000;\">Con\u00a0 estos contenidos y muchos m\u00e1s, que surgir\u00e1n del aprendizaje colaborativo y el intercambio de ideas, aprender\u00e1s a plantear tus proyectos educativos con Inteligencia Artificial.<\/span><\/h4>\n<p style=\"padding-left: 40px;\"><img loading=\"lazy\" src=\"https:\/\/iaeducacion.proyectoheliox.org\/wp-content\/uploads\/2023\/01\/vecteezy_illustration-of-people-make-artificial-intelligence-tech_9734372-300x163.jpg\" alt=\"Aprendizaje colaborativo\" class=\"alignnone size-medium wp-image-377\" width=\"300\" height=\"163\" srcset=\"https:\/\/iaeducacion.proyectoheliox.org\/wp-content\/uploads\/2023\/01\/vecteezy_illustration-of-people-make-artificial-intelligence-tech_9734372-300x163.jpg 300w, https:\/\/iaeducacion.proyectoheliox.org\/wp-content\/uploads\/2023\/01\/vecteezy_illustration-of-people-make-artificial-intelligence-tech_9734372-1024x556.jpg 1024w, https:\/\/iaeducacion.proyectoheliox.org\/wp-content\/uploads\/2023\/01\/vecteezy_illustration-of-people-make-artificial-intelligence-tech_9734372-768x417.jpg 768w, https:\/\/iaeducacion.proyectoheliox.org\/wp-content\/uploads\/2023\/01\/vecteezy_illustration-of-people-make-artificial-intelligence-tech_9734372-1536x834.jpg 1536w, https:\/\/iaeducacion.proyectoheliox.org\/wp-content\/uploads\/2023\/01\/vecteezy_illustration-of-people-make-artificial-intelligence-tech_9734372.jpg 1920w\" sizes=\"(max-width: 300px) 100vw, 300px\" \/><img loading=\"lazy\" src=\"https:\/\/iaeducacion.proyectoheliox.org\/wp-content\/uploads\/2023\/01\/vecteezy_illustration-of-people-assisted-by-artificial-intelligence_9734287-300x220.jpg\" alt=\"Aprendizaje colaborativo\" class=\"alignnone size-medium wp-image-378\" width=\"300\" height=\"220\" srcset=\"https:\/\/iaeducacion.proyectoheliox.org\/wp-content\/uploads\/2023\/01\/vecteezy_illustration-of-people-assisted-by-artificial-intelligence_9734287-300x220.jpg 300w, https:\/\/iaeducacion.proyectoheliox.org\/wp-content\/uploads\/2023\/01\/vecteezy_illustration-of-people-assisted-by-artificial-intelligence_9734287-1024x751.jpg 1024w, https:\/\/iaeducacion.proyectoheliox.org\/wp-content\/uploads\/2023\/01\/vecteezy_illustration-of-people-assisted-by-artificial-intelligence_9734287-768x564.jpg 768w, https:\/\/iaeducacion.proyectoheliox.org\/wp-content\/uploads\/2023\/01\/vecteezy_illustration-of-people-assisted-by-artificial-intelligence_9734287-1536x1127.jpg 1536w, https:\/\/iaeducacion.proyectoheliox.org\/wp-content\/uploads\/2023\/01\/vecteezy_illustration-of-people-assisted-by-artificial-intelligence_9734287.jpg 1920w\" sizes=\"(max-width: 300px) 100vw, 300px\" \/> \u00a0\u00a0\u00a0<\/p>\n<p style=\"padding-left: 40px;\"><\/p>\n<h2 style=\"padding-left: 40px;\"><span style=\"color: #000000;\"><strong>Accede a la p\u00e1gina del curso en la UNED para matricularte:<\/strong><\/span><\/h2>\n<p style=\"padding-left: 40px;\">Acceso a la matr\u00edcula para la <a href=\"https:\/\/formacionpermanente.uned.es\/tp_actividad\/actividad\/usos-educativos-de-la-inteligencia-artificial-1-edicion\" target=\"_blank\" rel=\"noopener\">primera edici\u00f3n<\/a> (Noviembre).<\/p>\n<p style=\"padding-left: 40px;\">Acceso a la matr\u00edcula para la <a href=\"https:\/\/formacionpermanente.uned.es\/tp_actividad\/actividad\/usos-educativos-de-la-inteligencia-artificial-1-edicion-convocatoria2\" target=\"_blank\" rel=\"noopener\">segunda edici\u00f3n<\/a> (Marzo)<\/p>\n<p><\/p>\n<p><\/p>\n<p style=\"padding-left: 40px;\"><\/p>\n<\/div><\/div>\n\n\n\n<p><\/p>\n","protected":false},"excerpt":{"rendered":"<p>Bienvenidos a la p\u00e1gina del curso UNED de Formaci\u00f3n Permanente Usos Educativos de la Inteligencia Artificial Nuestro curso te ofrece una aproximaci\u00f3n a la Inteligencia Artificial y sus aplicaciones en el entorno educativo, que te ayudar\u00e1 a empezar a desarrollar tus propios proyectos. En \u00e9l encontrar\u00e1s los siguientes bloques: 1. [&hellip;]<\/p>\n","protected":false},"author":1,"featured_media":332,"parent":0,"menu_order":0,"comment_status":"closed","ping_status":"closed","template":"","meta":[],"_links":{"self":[{"href":"https:\/\/iaeducacion.proyectoheliox.org\/index.php\/wp-json\/wp\/v2\/pages\/11"}],"collection":[{"href":"https:\/\/iaeducacion.proyectoheliox.org\/index.php\/wp-json\/wp\/v2\/pages"}],"about":[{"href":"https:\/\/iaeducacion.proyectoheliox.org\/index.php\/wp-json\/wp\/v2\/types\/page"}],"author":[{"embeddable":true,"href":"https:\/\/iaeducacion.proyectoheliox.org\/index.php\/wp-json\/wp\/v2\/users\/1"}],"replies":[{"embeddable":true,"href":"https:\/\/iaeducacion.proyectoheliox.org\/index.php\/wp-json\/wp\/v2\/comments?post=11"}],"version-history":[{"count":142,"href":"https:\/\/iaeducacion.proyectoheliox.org\/index.php\/wp-json\/wp\/v2\/pages\/11\/revisions"}],"predecessor-version":[{"id":458,"href":"https:\/\/iaeducacion.proyectoheliox.org\/index.php\/wp-json\/wp\/v2\/pages\/11\/revisions\/458"}],"wp:featuredmedia":[{"embeddable":true,"href":"https:\/\/iaeducacion.proyectoheliox.org\/index.php\/wp-json\/wp\/v2\/media\/332"}],"wp:attachment":[{"href":"https:\/\/iaeducacion.proyectoheliox.org\/index.php\/wp-json\/wp\/v2\/media?parent=11"}],"curies":[{"name":"wp","href":"https:\/\/api.w.org\/{rel}","templated":true}]}}